{"id":34552,"date":"2023-04-24T16:41:28","date_gmt":"2023-04-24T14:41:28","guid":{"rendered":"https:\/\/www.cermepos.com\/oplossing\/wintec-s100-echelle\/"},"modified":"2023-04-24T16:41:28","modified_gmt":"2023-04-24T14:41:28","slug":"echelle-wintec-s100","status":"publish","type":"product","link":"https:\/\/cermepos.com\/fr\/oplossing\/echelle-wintec-s100\/","title":{"rendered":"Wintec S100 \u00c9chelle"},"content":{"rendered":"<p><b>Wintec S100, pesage ou pr\u00e9emballage en libre-service.<\/b><\/p>\n<p>Vous choisissez une balance en libre-service ou faites votre pr\u00e9-emballage \u00e0 un prix abordable ?<\/p>\n<p>La balance WINTEC S100 est une bonne option et \u00e9quip\u00e9e d\u2019une imprimante de codes-barres.<\/p>\n<p>&nbsp;<\/p>\n<p>Construction robuste<br \/>\nDesign moderne et \u00e9l\u00e9gant<br \/>\nAluminium moul\u00e9 sous pression avec syst\u00e8me sans ventilateur<\/p>\n<p>Impression rapide<br \/>\nM\u00e9canisme fiable<br \/>\nEquip\u00e9 d\u2019une imprimante d\u2019\u00e9tiquettes 60 mm; Facile pour la manipulation du papier<\/p>\n<p>Eau \/ Poussi\u00e8re \/ Insectes<\/p>\n<p>Divers sc\u00e9narios<br \/>\nSupermarch\u00e9s, magasins de proximit\u00e9, march\u00e9s de produits frais&#8230;<\/p>\n","protected":false},"excerpt":{"rendered":"<p>Wintec S100, pesage ou pr\u00e9emballage en libre-service. Vous choisissez une balance en libre-service ou faites votre pr\u00e9-emballage \u00e0 un prix<\/p>\n","protected":false},"featured_media":33393,"comment_status":"open","ping_status":"closed","template":"","meta":[],"product_brand":[],"product_cat":[1620],"product_tag":[],"class_list":{"0":"post-34552","1":"product","2":"type-product","3":"status-publish","4":"has-post-thumbnail","6":"product_cat-balances","8":"first","9":"instock","10":"shipping-taxable","11":"product-type-simple"},"brizy_media":[],"_links":{"self":[{"href":"https:\/\/cermepos.com\/fr\/wp-json\/wp\/v2\/product\/34552","targetHints":{"allow":["GET"]}}],"collection":[{"href":"https:\/\/cermepos.com\/fr\/wp-json\/wp\/v2\/product"}],"about":[{"href":"https:\/\/cermepos.com\/fr\/wp-json\/wp\/v2\/types\/product"}],"replies":[{"embeddable":true,"href":"https:\/\/cermepos.com\/fr\/wp-json\/wp\/v2\/comments?post=34552"}],"version-history":[{"count":0,"href":"https:\/\/cermepos.com\/fr\/wp-json\/wp\/v2\/product\/34552\/revisions"}],"wp:featuredmedia":[{"embeddable":true,"href":"https:\/\/cermepos.com\/fr\/wp-json\/wp\/v2\/media\/33393"}],"wp:attachment":[{"href":"https:\/\/cermepos.com\/fr\/wp-json\/wp\/v2\/media?parent=34552"}],"wp:term":[{"taxonomy":"product_brand","embeddable":true,"href":"https:\/\/cermepos.com\/fr\/wp-json\/wp\/v2\/product_brand?post=34552"},{"taxonomy":"product_cat","embeddable":true,"href":"https:\/\/cermepos.com\/fr\/wp-json\/wp\/v2\/product_cat?post=34552"},{"taxonomy":"product_tag","embeddable":true,"href":"https:\/\/cermepos.com\/fr\/wp-json\/wp\/v2\/product_tag?post=34552"}],"curies":[{"name":"wp","href":"https:\/\/api.w.org\/{rel}","templated":true}]}}