{"id":34554,"date":"2023-04-24T16:07:44","date_gmt":"2023-04-24T14:07:44","guid":{"rendered":"https:\/\/www.cermepos.com\/oplossing\/balance-numerique-dibaldi-325\/"},"modified":"2023-04-24T16:07:44","modified_gmt":"2023-04-24T14:07:44","slug":"balance-numerique-dibaldi-325","status":"publish","type":"product","link":"https:\/\/cermepos.com\/fr\/oplossing\/balance-numerique-dibaldi-325\/","title":{"rendered":"Balance num\u00e9rique &#8211; Dibaldi 325"},"content":{"rendered":"<p><strong><span style=\"font-size: 18px; background-color: var(--wd-main-bgcolor); color: var(--wd-text-color);\">Le choix d\u2019une balance d\u00e9pend de l\u2019objectif pour lequel vous pesez  <\/span><\/strong><\/p>\n<p><span style=\"font-size: 18px; background-color: var(--wd-main-bgcolor); color: var(--wd-text-color);\">Si vous souhaitez seulement peser sans imprimer d\u2019\u00e9tiquette, une balance num\u00e9rique \u00e0 prix raisonnable suffit. Un exemple est le Dibaldi 325.  <\/span><span style=\"background-color: var(--wd-main-bgcolor); color: var(--wd-text-color); font-size: 18px;\">Cette balance peut \u00eatre li\u00e9e au syst\u00e8me CermePOS POS. Le caissier voit le poids pond\u00e9r\u00e9, le prix kilo, le montant total et ajout\u00e9 au re\u00e7u en appuyant simplement sur un bouton.<\/span><\/p>\n","protected":false},"excerpt":{"rendered":"<p>Le choix d\u2019une balance d\u00e9pend de l\u2019objectif pour lequel vous pesez Si vous souhaitez seulement peser sans imprimer d\u2019\u00e9tiquette, une<\/p>\n","protected":false},"featured_media":33399,"comment_status":"open","ping_status":"closed","template":"","meta":[],"product_brand":[],"product_cat":[1620],"product_tag":[],"class_list":{"0":"post-34554","1":"product","2":"type-product","3":"status-publish","4":"has-post-thumbnail","6":"product_cat-balances","8":"first","9":"instock","10":"shipping-taxable","11":"product-type-simple"},"brizy_media":[],"_links":{"self":[{"href":"https:\/\/cermepos.com\/fr\/wp-json\/wp\/v2\/product\/34554","targetHints":{"allow":["GET"]}}],"collection":[{"href":"https:\/\/cermepos.com\/fr\/wp-json\/wp\/v2\/product"}],"about":[{"href":"https:\/\/cermepos.com\/fr\/wp-json\/wp\/v2\/types\/product"}],"replies":[{"embeddable":true,"href":"https:\/\/cermepos.com\/fr\/wp-json\/wp\/v2\/comments?post=34554"}],"version-history":[{"count":0,"href":"https:\/\/cermepos.com\/fr\/wp-json\/wp\/v2\/product\/34554\/revisions"}],"wp:featuredmedia":[{"embeddable":true,"href":"https:\/\/cermepos.com\/fr\/wp-json\/wp\/v2\/media\/33399"}],"wp:attachment":[{"href":"https:\/\/cermepos.com\/fr\/wp-json\/wp\/v2\/media?parent=34554"}],"wp:term":[{"taxonomy":"product_brand","embeddable":true,"href":"https:\/\/cermepos.com\/fr\/wp-json\/wp\/v2\/product_brand?post=34554"},{"taxonomy":"product_cat","embeddable":true,"href":"https:\/\/cermepos.com\/fr\/wp-json\/wp\/v2\/product_cat?post=34554"},{"taxonomy":"product_tag","embeddable":true,"href":"https:\/\/cermepos.com\/fr\/wp-json\/wp\/v2\/product_tag?post=34554"}],"curies":[{"name":"wp","href":"https:\/\/api.w.org\/{rel}","templated":true}]}}