{"id":34568,"date":"2023-03-07T01:53:04","date_gmt":"2023-03-07T00:53:04","guid":{"rendered":"https:\/\/www.cermepos.com\/oplossing\/magellan-datalogic\/"},"modified":"2023-06-21T12:18:49","modified_gmt":"2023-06-21T10:18:49","slug":"magellan-datalogic","status":"publish","type":"product","link":"https:\/\/cermepos.com\/fr\/oplossing\/magellan-datalogic\/","title":{"rendered":"Magellan Datalogic"},"content":{"rendered":"\t\t<div data-elementor-type=\"wp-post\" data-elementor-id=\"34568\" class=\"elementor elementor-34568 elementor-24116\">\n\t\t\t\t\t\t<section class=\"wd-negative-gap elementor-section elementor-top-section elementor-element elementor-element-0b3c724 elementor-section-boxed elementor-section-height-default elementor-section-height-default\" data-id=\"0b3c724\" data-element_type=\"section\">\n\t\t\t\t\t\t<div class=\"elementor-container elementor-column-gap-default\">\n\t\t\t\t\t<div class=\"elementor-column elementor-col-100 elementor-top-column elementor-element elementor-element-ebcf75c\" data-id=\"ebcf75c\" data-element_type=\"column\">\n\t\t\t<div class=\"elementor-widget-wrap elementor-element-populated\">\n\t\t\t\t\t\t<div class=\"elementor-element elementor-element-b9b0a13 elementor-widget__width-initial elementor-widget elementor-widget-wd_text_block\" data-id=\"b9b0a13\" data-element_type=\"widget\" data-widget_type=\"wd_text_block.default\">\n\t\t\t\t<div class=\"elementor-widget-container\">\n\t\t\t\t\t\t\t<div class=\"wd-text-block reset-last-child text-left\">\n\t\t\t\n\t\t\t<p style=\"text-align: center;\">Datalogic Magellan (int\u00e9gr\u00e9) Lecteur de codes-barres et balance<\/p><p>Scannez et pesez rapidement les produits \u00e0 la caisse d\u2019un supermarch\u00e9. Ce type de balance de scanner est id\u00e9al pour une installation \u00e0 la caisse d\u2019un supermarch\u00e9 en raison des tailles standard. L\u2019installation dans une caisse enregistreuse est bien s\u00fbr possible, veuillez nous contacter \u00e0 l\u2019avance.<\/p><ul><li style=\"text-align: left;\">Vitesse de num\u00e9risation et de pesage<\/li><li style=\"text-align: left;\">Scannez les codes-barres, aucune erreur avec la saisie du montant<\/li><li style=\"text-align: left;\">Conception robuste<\/li><\/ul>\n\t\t\t\t\t<\/div>\n\t\t\t\t\t\t<\/div>\n\t\t\t\t<\/div>\n\t\t\t\t<section class=\"wd-negative-gap elementor-section elementor-inner-section elementor-element elementor-element-7e385fb elementor-section-boxed elementor-section-height-default elementor-section-height-default\" data-id=\"7e385fb\" data-element_type=\"section\">\n\t\t\t\t\t\t<div class=\"elementor-container elementor-column-gap-default\">\n\t\t\t\t\t<div class=\"elementor-column elementor-col-100 elementor-inner-column elementor-element elementor-element-e272e1f\" data-id=\"e272e1f\" data-element_type=\"column\">\n\t\t\t<div class=\"elementor-widget-wrap elementor-element-populated\">\n\t\t\t\t\t\t<div class=\"elementor-element elementor-element-f4cb997 elementor-widget__width-initial elementor-widget elementor-widget-wd_image_or_svg\" data-id=\"f4cb997\" data-element_type=\"widget\" data-widget_type=\"wd_image_or_svg.default\">\n\t\t\t\t<div class=\"elementor-widget-container\">\n\t\t\t\t\t\n\t\t<div class=\"wd-image text-left\">\n\t\t\t\t\t\t\t\t<img decoding=\"async\" width=\"357\" height=\"163\" src=\"https:\/\/cermepos.com\/wp-content\/uploads\/2023\/03\/scanner-weegschaal.jpg\" class=\"attachment-full size-full\" alt=\"\" srcset=\"https:\/\/cermepos.com\/wp-content\/uploads\/2023\/03\/scanner-weegschaal.jpg 357w, https:\/\/cermepos.com\/wp-content\/uploads\/2023\/03\/scanner-weegschaal-300x137.jpg 300w, https:\/\/cermepos.com\/wp-content\/uploads\/2023\/03\/scanner-weegschaal-20x9.jpg 20w, https:\/\/cermepos.com\/wp-content\/uploads\/2023\/03\/scanner-weegschaal-150x68.jpg 150w\" sizes=\"(max-width: 357px) 100vw, 357px\" \/>\t\t\t\t\t<\/div>\n\n\t\t\t\t\t\t<\/div>\n\t\t\t\t<\/div>\n\t\t\t\t\t<\/div>\n\t\t<\/div>\n\t\t\t\t\t<\/div>\n\t\t<\/section>\n\t\t\t\t\t<\/div>\n\t\t<\/div>\n\t\t\t\t\t<\/div>\n\t\t<\/section>\n\t\t\t\t<\/div>\n\t\t","protected":false},"excerpt":{"rendered":"<p>Datalogic Magellan (int\u00e9gr\u00e9) Lecteur de codes-barres et balance Scannez et pesez rapidement les produits \u00e0 la caisse d\u2019un supermarch\u00e9. Ce<\/p>\n","protected":false},"featured_media":33402,"comment_status":"closed","ping_status":"closed","template":"","meta":[],"product_brand":[],"product_cat":[1620,1616,1608],"product_tag":[],"class_list":{"0":"post-34568","1":"product","2":"type-product","3":"status-publish","4":"has-post-thumbnail","6":"product_cat-balances","7":"product_cat-lecteurs-de-codes-barres","8":"product_cat-systemes-de-point-de-vente-materiels","10":"first","11":"instock","12":"featured","13":"shipping-taxable","14":"product-type-simple"},"brizy_media":[],"_links":{"self":[{"href":"https:\/\/cermepos.com\/fr\/wp-json\/wp\/v2\/product\/34568","targetHints":{"allow":["GET"]}}],"collection":[{"href":"https:\/\/cermepos.com\/fr\/wp-json\/wp\/v2\/product"}],"about":[{"href":"https:\/\/cermepos.com\/fr\/wp-json\/wp\/v2\/types\/product"}],"replies":[{"embeddable":true,"href":"https:\/\/cermepos.com\/fr\/wp-json\/wp\/v2\/comments?post=34568"}],"version-history":[{"count":0,"href":"https:\/\/cermepos.com\/fr\/wp-json\/wp\/v2\/product\/34568\/revisions"}],"wp:featuredmedia":[{"embeddable":true,"href":"https:\/\/cermepos.com\/fr\/wp-json\/wp\/v2\/media\/33402"}],"wp:attachment":[{"href":"https:\/\/cermepos.com\/fr\/wp-json\/wp\/v2\/media?parent=34568"}],"wp:term":[{"taxonomy":"product_brand","embeddable":true,"href":"https:\/\/cermepos.com\/fr\/wp-json\/wp\/v2\/product_brand?post=34568"},{"taxonomy":"product_cat","embeddable":true,"href":"https:\/\/cermepos.com\/fr\/wp-json\/wp\/v2\/product_cat?post=34568"},{"taxonomy":"product_tag","embeddable":true,"href":"https:\/\/cermepos.com\/fr\/wp-json\/wp\/v2\/product_tag?post=34568"}],"curies":[{"name":"wp","href":"https:\/\/api.w.org\/{rel}","templated":true}]}}