{"id":34574,"date":"2023-03-07T01:53:27","date_gmt":"2023-03-07T00:53:27","guid":{"rendered":"https:\/\/www.cermepos.com\/oplossing\/affichage-client\/"},"modified":"2023-06-21T12:18:48","modified_gmt":"2023-06-21T10:18:48","slug":"affichage-client","status":"publish","type":"product","link":"https:\/\/cermepos.com\/fr\/oplossing\/affichage-client\/","title":{"rendered":"Affichage client"},"content":{"rendered":"\t\t<div data-elementor-type=\"wp-post\" data-elementor-id=\"34574\" class=\"elementor elementor-34574 elementor-24118\">\n\t\t\t\t\t\t<section class=\"wd-negative-gap elementor-section elementor-top-section elementor-element elementor-element-0b3c724 elementor-section-boxed elementor-section-height-default elementor-section-height-default\" data-id=\"0b3c724\" data-element_type=\"section\">\n\t\t\t\t\t\t<div class=\"elementor-container elementor-column-gap-default\">\n\t\t\t\t\t<div class=\"elementor-column elementor-col-100 elementor-top-column elementor-element elementor-element-ebcf75c\" data-id=\"ebcf75c\" data-element_type=\"column\">\n\t\t\t<div class=\"elementor-widget-wrap elementor-element-populated\">\n\t\t\t\t\t\t<div class=\"elementor-element elementor-element-b9b0a13 elementor-widget elementor-widget-wd_text_block\" data-id=\"b9b0a13\" data-element_type=\"widget\" data-widget_type=\"wd_text_block.default\">\n\t\t\t\t<div class=\"elementor-widget-container\">\n\t\t\t\t\t\t\t<div class=\"wd-text-block reset-last-child text-left\">\n\t\t\t\n\t\t\t<h5>Affichage client<\/h5><p>Il est tenu par la loi de&nbsp; montrer aux clients ce que vous pesez. De plus, il est recommand\u00e9 de laisser le client suivre les transactions du caissier. Les pr\u00e9sentoirs clients Colormetrics sont \u00e0 un prix raisonnable et vous pouvez afficher vos propres offres!&nbsp;<\/p>\n\t\t\t\t\t<\/div>\n\t\t\t\t\t\t<\/div>\n\t\t\t\t<\/div>\n\t\t\t\t<section class=\"wd-negative-gap elementor-section elementor-inner-section elementor-element elementor-element-7e385fb elementor-section-boxed elementor-section-height-default elementor-section-height-default\" data-id=\"7e385fb\" data-element_type=\"section\">\n\t\t\t\t\t\t<div class=\"elementor-container elementor-column-gap-default\">\n\t\t\t\t\t<div class=\"elementor-column elementor-col-100 elementor-inner-column elementor-element elementor-element-e272e1f\" data-id=\"e272e1f\" data-element_type=\"column\">\n\t\t\t<div class=\"elementor-widget-wrap elementor-element-populated\">\n\t\t\t\t\t\t<div class=\"elementor-element elementor-element-f4cb997 elementor-widget elementor-widget-wd_image_or_svg\" data-id=\"f4cb997\" data-element_type=\"widget\" data-widget_type=\"wd_image_or_svg.default\">\n\t\t\t\t<div class=\"elementor-widget-container\">\n\t\t\t\t\t\n\t\t<div class=\"wd-image text-left\">\n\t\t\t\t\t\t\t\t<img decoding=\"async\" width=\"1197\" height=\"776\" src=\"https:\/\/cermepos.com\/wp-content\/uploads\/2023\/03\/klanten-display-full.png\" class=\"attachment-full size-full\" alt=\"klanten display informatie\" srcset=\"https:\/\/cermepos.com\/wp-content\/uploads\/2023\/03\/klanten-display-full.png 1197w, https:\/\/cermepos.com\/wp-content\/uploads\/2023\/03\/klanten-display-full-300x194.png 300w, https:\/\/cermepos.com\/wp-content\/uploads\/2023\/03\/klanten-display-full-1024x664.png 1024w, https:\/\/cermepos.com\/wp-content\/uploads\/2023\/03\/klanten-display-full-768x498.png 768w, https:\/\/cermepos.com\/wp-content\/uploads\/2023\/03\/klanten-display-full-20x13.png 20w, https:\/\/cermepos.com\/wp-content\/uploads\/2023\/03\/klanten-display-full-800x519.png 800w, https:\/\/cermepos.com\/wp-content\/uploads\/2023\/03\/klanten-display-full-150x97.png 150w\" sizes=\"(max-width: 1197px) 100vw, 1197px\" \/>\t\t\t\t\t<\/div>\n\n\t\t\t\t\t\t<\/div>\n\t\t\t\t<\/div>\n\t\t\t\t\t<\/div>\n\t\t<\/div>\n\t\t\t\t\t<\/div>\n\t\t<\/section>\n\t\t\t\t\t<\/div>\n\t\t<\/div>\n\t\t\t\t\t<\/div>\n\t\t<\/section>\n\t\t\t\t<\/div>\n\t\t","protected":false},"excerpt":{"rendered":"<p>Affichage client Il est tenu par la loi de&nbsp; montrer aux clients ce que vous pesez. De plus, il est<\/p>\n","protected":false},"featured_media":32925,"comment_status":"closed","ping_status":"closed","template":"","meta":[],"product_brand":[],"product_cat":[1608],"product_tag":[],"class_list":{"0":"post-34574","1":"product","2":"type-product","3":"status-publish","4":"has-post-thumbnail","6":"product_cat-systemes-de-point-de-vente-materiels","8":"first","9":"instock","10":"featured","11":"shipping-taxable","12":"product-type-simple"},"brizy_media":[],"_links":{"self":[{"href":"https:\/\/cermepos.com\/fr\/wp-json\/wp\/v2\/product\/34574","targetHints":{"allow":["GET"]}}],"collection":[{"href":"https:\/\/cermepos.com\/fr\/wp-json\/wp\/v2\/product"}],"about":[{"href":"https:\/\/cermepos.com\/fr\/wp-json\/wp\/v2\/types\/product"}],"replies":[{"embeddable":true,"href":"https:\/\/cermepos.com\/fr\/wp-json\/wp\/v2\/comments?post=34574"}],"version-history":[{"count":0,"href":"https:\/\/cermepos.com\/fr\/wp-json\/wp\/v2\/product\/34574\/revisions"}],"wp:featuredmedia":[{"embeddable":true,"href":"https:\/\/cermepos.com\/fr\/wp-json\/wp\/v2\/media\/32925"}],"wp:attachment":[{"href":"https:\/\/cermepos.com\/fr\/wp-json\/wp\/v2\/media?parent=34574"}],"wp:term":[{"taxonomy":"product_brand","embeddable":true,"href":"https:\/\/cermepos.com\/fr\/wp-json\/wp\/v2\/product_brand?post=34574"},{"taxonomy":"product_cat","embeddable":true,"href":"https:\/\/cermepos.com\/fr\/wp-json\/wp\/v2\/product_cat?post=34574"},{"taxonomy":"product_tag","embeddable":true,"href":"https:\/\/cermepos.com\/fr\/wp-json\/wp\/v2\/product_tag?post=34574"}],"curies":[{"name":"wp","href":"https:\/\/api.w.org\/{rel}","templated":true}]}}