{"id":34582,"date":"2022-05-27T12:07:13","date_gmt":"2022-05-27T10:07:13","guid":{"rendered":"https:\/\/www.cermepos.com\/oplossing\/ordinateur-tout-en-un-pos-avec-ecran-tactile\/"},"modified":"2023-06-21T12:19:01","modified_gmt":"2023-06-21T10:19:01","slug":"ordinateur-tout-en-un-pos-avec-ecran-tactile","status":"publish","type":"product","link":"https:\/\/cermepos.com\/fr\/oplossing\/ordinateur-tout-en-un-pos-avec-ecran-tactile\/","title":{"rendered":"Ordinateur tout-en-un POS avec \u00e9cran tactile"},"content":{"rendered":"\t\t<div data-elementor-type=\"wp-post\" data-elementor-id=\"34582\" class=\"elementor elementor-34582 elementor-1098\">\n\t\t\t\t\t\t<section class=\"wd-negative-gap elementor-section elementor-top-section elementor-element elementor-element-0b3c724 elementor-section-boxed elementor-section-height-default elementor-section-height-default\" data-id=\"0b3c724\" data-element_type=\"section\">\n\t\t\t\t\t\t<div class=\"elementor-container elementor-column-gap-default\">\n\t\t\t\t\t<div class=\"elementor-column elementor-col-100 elementor-top-column elementor-element elementor-element-ebcf75c\" data-id=\"ebcf75c\" data-element_type=\"column\">\n\t\t\t<div class=\"elementor-widget-wrap elementor-element-populated\">\n\t\t\t\t\t\t<div class=\"elementor-element elementor-element-b9b0a13 elementor-widget elementor-widget-wd_text_block\" data-id=\"b9b0a13\" data-element_type=\"widget\" data-widget_type=\"wd_text_block.default\">\n\t\t\t\t<div class=\"elementor-widget-container\">\n\t\t\t\t\t\t\t<div class=\"wd-text-block reset-last-child text-left\">\n\t\t\t\n\t\t\t<h5>Ordinateur tout-en-un POS avec \u00e9cran tactile<\/h5><p>Un ordinateur POS est un ordinateur tout-en-un robuste \u00e9quip\u00e9 d\u2019un \u00e9cran tactile (\u00e9cran tactile) au lieu d\u2019un clavier. Au lieu d\u2019un clavier, le caissier dispose d\u2019un tocuscreen avec lequel l\u2019ensemble de la transaction peut \u00eatre trait\u00e9. Cela permet de gagner du temps et de r\u00e9duire les risques d\u2019erreurs. L\u2019ordinateur POS dispose de ports de connexion suppl\u00e9mentaires pour un lecteur de codes-barres, une balance, un affichage client et un p\u00e9riph\u00e9rique PIN.<\/p><p><span style=\"background-color: var(--wd-main-bgcolor); color: var(--wd-text-color); font-size: 18px;\">En raison de la fiabilit\u00e9, nous travaillons avec, entre autres, la marque Colormetrics<\/span><\/p><p> <span style=\"font-size: 18px; background-color: var(--wd-main-bgcolor); color: var(--wd-text-color);\">\u00c9cran tactile au lieu du clavier<\/span><\/p><ul><li>Ports de connexion suppl\u00e9mentaires<\/li><li>Pas de ventilateur, silencieux<\/li><\/ul><p> <\/p><p> <\/p>\n\t\t\t\t\t<\/div>\n\t\t\t\t\t\t<\/div>\n\t\t\t\t<\/div>\n\t\t\t\t<section class=\"wd-negative-gap elementor-section elementor-inner-section elementor-element elementor-element-7e385fb elementor-section-boxed elementor-section-height-default elementor-section-height-default\" data-id=\"7e385fb\" data-element_type=\"section\">\n\t\t\t\t\t\t<div class=\"elementor-container elementor-column-gap-default\">\n\t\t\t\t\t<div class=\"elementor-column elementor-col-50 elementor-inner-column elementor-element elementor-element-e272e1f\" data-id=\"e272e1f\" data-element_type=\"column\">\n\t\t\t<div class=\"elementor-widget-wrap elementor-element-populated\">\n\t\t\t\t\t\t<div class=\"elementor-element elementor-element-f4cb997 elementor-widget elementor-widget-wd_image_or_svg\" data-id=\"f4cb997\" data-element_type=\"widget\" data-widget_type=\"wd_image_or_svg.default\">\n\t\t\t\t<div class=\"elementor-widget-container\">\n\t\t\t\t\t\n\t\t<div class=\"wd-image text-left\">\n\t\t\t\t\t\t\t\t<img decoding=\"async\" width=\"700\" height=\"672\" src=\"https:\/\/cermepos.com\/wp-content\/uploads\/2023\/04\/backside-colormetrics-4100.jpg\" class=\"attachment-full size-full\" alt=\"\" srcset=\"https:\/\/cermepos.com\/wp-content\/uploads\/2023\/04\/backside-colormetrics-4100.jpg 700w, https:\/\/cermepos.com\/wp-content\/uploads\/2023\/04\/backside-colormetrics-4100-300x288.jpg 300w, https:\/\/cermepos.com\/wp-content\/uploads\/2023\/04\/backside-colormetrics-4100-20x20.jpg 20w, https:\/\/cermepos.com\/wp-content\/uploads\/2023\/04\/backside-colormetrics-4100-150x144.jpg 150w\" sizes=\"(max-width: 700px) 100vw, 700px\" \/>\t\t\t\t\t<\/div>\n\n\t\t\t\t\t\t<\/div>\n\t\t\t\t<\/div>\n\t\t\t\t\t<\/div>\n\t\t<\/div>\n\t\t\t\t<div class=\"elementor-column elementor-col-50 elementor-inner-column elementor-element elementor-element-06c8955\" data-id=\"06c8955\" data-element_type=\"column\">\n\t\t\t<div class=\"elementor-widget-wrap elementor-element-populated\">\n\t\t\t\t\t\t<div class=\"elementor-element elementor-element-efecd9f elementor-widget elementor-widget-wd_text_block\" data-id=\"efecd9f\" data-element_type=\"widget\" data-widget_type=\"wd_text_block.default\">\n\t\t\t\t<div class=\"elementor-widget-container\">\n\t\t\t\t\t\t\t<div class=\"wd-text-block reset-last-child text-left\">\n\t\t\t\n\t\t\t<p>Aucune description<br>1 entr\u00e9e 19V DC<br>2 VGA<br>3 ports USB 2.0 x3<br>4 ports USB 3.0 XI<br>5 RJ45 (COM4)<br>6 RJ45 (COM3)<br>7 RJ45 (COM2)<br>8 RJ45 (COMI)<br>9 ports LAN<br>10 RJII (tiroir-caisse)<br>11 Sortie de ligne XI<br>12 ports USB 2.0 x2<br>13 Connecteur UPS<br>Couvercle du disque dur 14<br>Couvercle VFD 15&nbsp;\u00bb \/ \u00e9cran 8\"&nbsp;\u00bb 10\"&nbsp;\u00bb (option)&nbsp;\u00bb<br>Lecteur de codes-barres 16 ID\/2D (en option)<br>17 MSR \/ i-Button \/ RFID (option)<br>18 Bouton d\u2019alimentation<\/p>\n\t\t\t\t\t<\/div>\n\t\t\t\t\t\t<\/div>\n\t\t\t\t<\/div>\n\t\t\t\t\t<\/div>\n\t\t<\/div>\n\t\t\t\t\t<\/div>\n\t\t<\/section>\n\t\t\t\t\t<\/div>\n\t\t<\/div>\n\t\t\t\t\t<\/div>\n\t\t<\/section>\n\t\t\t\t<\/div>\n\t\t","protected":false},"excerpt":{"rendered":"<p>Ordinateur tout-en-un POS avec \u00e9cran tactile Un ordinateur POS est un ordinateur tout-en-un robuste \u00e9quip\u00e9 d\u2019un \u00e9cran tactile (\u00e9cran tactile)<\/p>\n","protected":false},"featured_media":33354,"comment_status":"closed","ping_status":"closed","template":"","meta":[],"product_brand":[],"product_cat":[1608],"product_tag":[],"class_list":{"0":"post-34582","1":"product","2":"type-product","3":"status-publish","4":"has-post-thumbnail","6":"product_cat-systemes-de-point-de-vente-materiels","8":"first","9":"instock","10":"featured","11":"shipping-taxable","12":"product-type-simple"},"brizy_media":[],"_links":{"self":[{"href":"https:\/\/cermepos.com\/fr\/wp-json\/wp\/v2\/product\/34582","targetHints":{"allow":["GET"]}}],"collection":[{"href":"https:\/\/cermepos.com\/fr\/wp-json\/wp\/v2\/product"}],"about":[{"href":"https:\/\/cermepos.com\/fr\/wp-json\/wp\/v2\/types\/product"}],"replies":[{"embeddable":true,"href":"https:\/\/cermepos.com\/fr\/wp-json\/wp\/v2\/comments?post=34582"}],"version-history":[{"count":0,"href":"https:\/\/cermepos.com\/fr\/wp-json\/wp\/v2\/product\/34582\/revisions"}],"wp:featuredmedia":[{"embeddable":true,"href":"https:\/\/cermepos.com\/fr\/wp-json\/wp\/v2\/media\/33354"}],"wp:attachment":[{"href":"https:\/\/cermepos.com\/fr\/wp-json\/wp\/v2\/media?parent=34582"}],"wp:term":[{"taxonomy":"product_brand","embeddable":true,"href":"https:\/\/cermepos.com\/fr\/wp-json\/wp\/v2\/product_brand?post=34582"},{"taxonomy":"product_cat","embeddable":true,"href":"https:\/\/cermepos.com\/fr\/wp-json\/wp\/v2\/product_cat?post=34582"},{"taxonomy":"product_tag","embeddable":true,"href":"https:\/\/cermepos.com\/fr\/wp-json\/wp\/v2\/product_tag?post=34582"}],"curies":[{"name":"wp","href":"https:\/\/api.w.org\/{rel}","templated":true}]}}