{"id":34589,"date":"2023-04-26T15:13:37","date_gmt":"2023-04-26T13:13:37","guid":{"rendered":"https:\/\/www.cermepos.com\/oplossing\/sk-40-verificateur-de-prix\/"},"modified":"2023-06-21T12:21:43","modified_gmt":"2023-06-21T10:21:43","slug":"sk-40-verificateur-de-prix","status":"publish","type":"product","link":"https:\/\/cermepos.com\/fr\/oplossing\/sk-40-verificateur-de-prix\/","title":{"rendered":"SK-40 V\u00e9rificateur de prix"},"content":{"rendered":"\t\t<div data-elementor-type=\"wp-post\" data-elementor-id=\"34589\" class=\"elementor elementor-34589 elementor-28855\">\n\t\t\t\t\t\t<section class=\"wd-negative-gap elementor-section elementor-top-section elementor-element elementor-element-2fe3176a elementor-section-boxed elementor-section-height-default elementor-section-height-default\" data-id=\"2fe3176a\" data-element_type=\"section\">\n\t\t\t\t\t\t<div class=\"elementor-container elementor-column-gap-default\">\n\t\t\t\t\t<div class=\"elementor-column elementor-col-100 elementor-top-column elementor-element elementor-element-304c5774\" data-id=\"304c5774\" data-element_type=\"column\">\n\t\t\t<div class=\"elementor-widget-wrap elementor-element-populated\">\n\t\t\t\t\t\t<div class=\"elementor-element elementor-element-d1840e3 color-scheme-inherit text-left elementor-widget elementor-widget-text-editor\" data-id=\"d1840e3\" data-element_type=\"widget\" data-widget_type=\"text-editor.default\">\n\t\t\t\t\t\t\t\t\t<div id=\"product-product\" class=\"container\">\n<div class=\"row\">\n<div id=\"content\" class=\"\">\n<div class=\"product-blocks blocks-default\">\n<div class=\"product-blocks-default product-blocks-338 grid-rows\">\n<div class=\"grid-row grid-row-338-1\">\n<div class=\"grid-cols\">\n<div class=\"grid-col grid-col-338-1-1\">\n<div class=\"grid-items\">\n<div class=\"grid-item grid-item-338-1-1-1\">\n<div class=\"module module-blocks module-blocks-330 blocks-grid\">\n<div class=\"module-body\">\n<div class=\"module-item module-item-1\">\n<div class=\"block-body expand-block\">\n<p>Le v\u00e9rificateur de prix SK-40, \u00e9quip\u00e9 d\u2019un \u00e9cran couleur de 4,3 pouces et d\u2019une fonction de contr\u00f4le des prix. Vos clients peuvent utiliser cet appareil pour scanner le code-barres d\u2019un produit et conna\u00eetre le prix. L\u2019\u00e9cran couleur peut lire des fichiers multim\u00e9dias, pour la promotion et les publicit\u00e9s. Le v\u00e9rificateur de prix SK-40 de Scantech ID peut \u00eatre contr\u00f4l\u00e9 via une caisse enregistreuse, le back-office ou un compte Internet.<\/p>\n<h3> <\/h3>\n<h3 class=\"title module-title block-title\">Sp\u00e9cifications<\/h3>\n<div class=\"block-wrapper\">\n<div class=\"block-content block-attributes\">\n<div id=\"tab-specification\">\n<div class=\"table-responsive\">\n<table class=\"table table-bordered\" style=\"height: 1218px;\" width=\"310\">\n<thead>\n<tr>\n<td colspan=\"2\"><strong>V\u00e9rificateur de prix<\/strong><\/td>\n<\/tr>\n<\/thead>\n<tbody>\n<tr>\n<td>Taille de l\u2019\u00e9cran<\/td>\n<td>4,3&nbsp;\u00bb de diagonale<\/td>\n<\/tr>\n<tr>\n<td>Solution<\/td>\n<td>480 x 272 pixels \/ 65 535 couleurs<\/td>\n<\/tr>\n<tr>\n<td>M\u00e9moire<\/td>\n<td>RAM 128 Mo\/Flash 256 Mo Extensible via cl\u00e9 USB et carte SD<\/td>\n<\/tr>\n<tr>\n<td>Dimensions :<\/td>\n<td>193 mm x 176 mm x 85 mm (7,6&nbsp;\u00bb x 6,9&nbsp;\u00bb x 3,3&nbsp;\u00bb)<\/td>\n<\/tr>\n<tr>\n<td>Graphique<\/td>\n<td>PNG \/ JPEG \/ GIF \/ BMP Audio pris en charge WAV \/ WMA \/ MP3 vid\u00e9o MPEG-4 \/ H.264<\/td>\n<\/tr>\n<tr>\n<td>Haut-parleurs audio de haute qualit\u00e9<\/td>\n<td>pour des performances audio sup\u00e9rieures &#8211; Ports audio: PCM 16 bits 44.1 KHz<\/td>\n<\/tr>\n<tr>\n<td>Scanneur<\/td>\n<td>Scanner laser omnidirectionnel: balayage \u00e0 grande vitesse, tr\u00e8s sensible et omnidirectionnel. Lecture de codes-barres fragment\u00e9s. Diode laser visible 635 nm. Mod\u00e8le de num\u00e9risation: champ de balayage 6 voies, 24 lignes. Vitesse de num\u00e9risation: 2000 num\u00e9risations \/ sec. Jusqu\u2019\u00e0 300 mm @ UPC\/EAN 100%, PCS 90% ou imageur 2D: lumi\u00e8re rouge visible 650nm. Vitesse de num\u00e9risation : 200 num\u00e9risations\/sec auto-adaptatives en mode lin\u00e9aire, 56 images\/sec en mode 2D auto-adaptatif. R\u00e9solution : 752 pixels horizontaux x 480 pixels, 256 niveaux de gris<\/td>\n<\/tr>\n<tr>\n<td>Alimentation<\/td>\n<td>DC 12V\/1.5A adaptateur secteur ou PoE<\/td>\n<\/tr>\n<tr>\n<td>Connexion<\/td>\n<td>WLAN (en option pour Linux OS) \/ Ethernet \/ POE (Power Over Ethernet). Autre: Prise en charge de la fonction de contr\u00f4le NFC \/ Exit-Gate<\/td>\n<\/tr>\n<tr>\n<td> <\/td>\n<td> <\/td>\n<\/tr>\n<tr>\n<td> <\/td>\n<td> <\/td>\n<\/tr>\n<\/tbody>\n<\/table>\n<\/div>\n<\/div>\n<\/div>\n<\/div>\n<\/div>\n<\/div>\n<\/div>\n<\/div>\n<\/div>\n<\/div>\n<\/div>\n<\/div>\n<\/div>\n<\/div>\n<\/div>\n<\/div>\n<\/div>\n<\/div>\n\t\t\t\t\t\t\t\t<\/div>\n\t\t\t\t\t<\/div>\n\t\t<\/div>\n\t\t\t\t\t<\/div>\n\t\t<\/section>\n\t\t\t\t<\/div>\n\t\t","protected":false},"excerpt":{"rendered":"<p>Le v\u00e9rificateur de prix SK-40, \u00e9quip\u00e9 d\u2019un \u00e9cran couleur de 4,3 pouces et d\u2019une fonction de contr\u00f4le des prix. Vos<\/p>\n","protected":false},"featured_media":33405,"comment_status":"open","ping_status":"closed","template":"","meta":[],"product_brand":[],"product_cat":[1626],"product_tag":[],"class_list":{"0":"post-34589","1":"product","2":"type-product","3":"status-publish","4":"has-post-thumbnail","6":"product_cat-verificateur-de-prix","8":"first","9":"instock","10":"shipping-taxable","11":"product-type-simple"},"brizy_media":[],"_links":{"self":[{"href":"https:\/\/cermepos.com\/fr\/wp-json\/wp\/v2\/product\/34589","targetHints":{"allow":["GET"]}}],"collection":[{"href":"https:\/\/cermepos.com\/fr\/wp-json\/wp\/v2\/product"}],"about":[{"href":"https:\/\/cermepos.com\/fr\/wp-json\/wp\/v2\/types\/product"}],"replies":[{"embeddable":true,"href":"https:\/\/cermepos.com\/fr\/wp-json\/wp\/v2\/comments?post=34589"}],"version-history":[{"count":0,"href":"https:\/\/cermepos.com\/fr\/wp-json\/wp\/v2\/product\/34589\/revisions"}],"wp:featuredmedia":[{"embeddable":true,"href":"https:\/\/cermepos.com\/fr\/wp-json\/wp\/v2\/media\/33405"}],"wp:attachment":[{"href":"https:\/\/cermepos.com\/fr\/wp-json\/wp\/v2\/media?parent=34589"}],"wp:term":[{"taxonomy":"product_brand","embeddable":true,"href":"https:\/\/cermepos.com\/fr\/wp-json\/wp\/v2\/product_brand?post=34589"},{"taxonomy":"product_cat","embeddable":true,"href":"https:\/\/cermepos.com\/fr\/wp-json\/wp\/v2\/product_cat?post=34589"},{"taxonomy":"product_tag","embeddable":true,"href":"https:\/\/cermepos.com\/fr\/wp-json\/wp\/v2\/product_tag?post=34589"}],"curies":[{"name":"wp","href":"https:\/\/api.w.org\/{rel}","templated":true}]}}