{"id":34591,"date":"2022-05-27T11:54:06","date_gmt":"2022-05-27T09:54:06","guid":{"rendered":"https:\/\/www.cermepos.com\/oplossing\/terminal-a-broches-de-yomani\/"},"modified":"2023-06-21T12:22:14","modified_gmt":"2023-06-21T10:22:14","slug":"terminal-a-broches-de-yomani","status":"publish","type":"product","link":"https:\/\/cermepos.com\/fr\/oplossing\/terminal-a-broches-de-yomani\/","title":{"rendered":"Terminal \u00e0 broches de Yomani"},"content":{"rendered":"\t\t<div data-elementor-type=\"wp-post\" data-elementor-id=\"34591\" class=\"elementor elementor-34591 elementor-1083\">\n\t\t\t\t\t\t<section class=\"wd-negative-gap elementor-section elementor-top-section elementor-element elementor-element-0b3c724 elementor-section-boxed elementor-section-height-default elementor-section-height-default\" data-id=\"0b3c724\" data-element_type=\"section\" data-e-type=\"section\">\n\t\t\t\t\t\t<div class=\"elementor-container elementor-column-gap-default\">\n\t\t\t\t\t<div class=\"elementor-column elementor-col-100 elementor-top-column elementor-element elementor-element-ebcf75c\" data-id=\"ebcf75c\" data-element_type=\"column\" data-e-type=\"column\">\n\t\t\t<div class=\"elementor-widget-wrap elementor-element-populated\">\n\t\t\t\t\t\t<div class=\"elementor-element elementor-element-b9b0a13 elementor-widget elementor-widget-wd_text_block\" data-id=\"b9b0a13\" data-element_type=\"widget\" data-e-type=\"widget\" data-widget_type=\"wd_text_block.default\">\n\t\t\t\t<div class=\"elementor-widget-container\">\n\t\t\t\t\t\t\t<div class=\"wd-text-block reset-last-child text-left\">\n\t\t\t\n\t\t\t<ul><li>P\u00e9riph\u00e9rique PIN Yomani<\/li><\/ul><p>Indispensable, quel que soit le magasin que vous avez si vous payez avec un code PIN, vous avez besoin d\u2019un terminal PIN avec un fournisseur de paiement. Cerme travaille avec le prestataire de paiement Worldline.&nbsp;L\u2019image est celle de la marque Yomani, le bourreau de travail parmi les bornes \u00e0 broches, vous les avez probablement d\u00e9j\u00e0 utilis\u00e9es. Garantit que vos clients peuvent payer rapidement et en toute s\u00e9curit\u00e9. Bien s\u00fbr, cet appareil fonctionne \u00e9galement avec les cartes de d\u00e9bit via le mobile au lieu de la carte bancaire. Co\u00fbt par transaction : 6 cents.<\/p><ul><li>Traite rapidement les paiements sans contact<\/li><li>Design robuste et \u00e9l\u00e9gant et \u00e9cran couleur haute r\u00e9solution<\/li><li>Toutes les options de paiement connues, avec carte ou smartphone<\/li><\/ul>\n\t\t\t\t\t<\/div>\n\t\t\t\t\t\t<\/div>\n\t\t\t\t<\/div>\n\t\t\t\t\t<\/div>\n\t\t<\/div>\n\t\t\t\t\t<\/div>\n\t\t<\/section>\n\t\t\t\t<\/div>\n\t\t","protected":false},"excerpt":{"rendered":"<p>P\u00e9riph\u00e9rique PIN Yomani Indispensable, quel que soit le magasin que vous avez si vous payez avec un code PIN, vous<\/p>\n","protected":false},"featured_media":33411,"comment_status":"closed","ping_status":"closed","template":"","meta":[],"product_brand":[],"product_cat":[1608],"product_tag":[],"class_list":{"0":"post-34591","1":"product","2":"type-product","3":"status-publish","4":"has-post-thumbnail","6":"product_cat-systemes-de-point-de-vente-materiels","8":"first","9":"instock","10":"featured","11":"shipping-taxable","12":"product-type-simple"},"brizy_media":[],"_links":{"self":[{"href":"https:\/\/cermepos.com\/fr\/wp-json\/wp\/v2\/product\/34591","targetHints":{"allow":["GET"]}}],"collection":[{"href":"https:\/\/cermepos.com\/fr\/wp-json\/wp\/v2\/product"}],"about":[{"href":"https:\/\/cermepos.com\/fr\/wp-json\/wp\/v2\/types\/product"}],"replies":[{"embeddable":true,"href":"https:\/\/cermepos.com\/fr\/wp-json\/wp\/v2\/comments?post=34591"}],"version-history":[{"count":0,"href":"https:\/\/cermepos.com\/fr\/wp-json\/wp\/v2\/product\/34591\/revisions"}],"wp:featuredmedia":[{"embeddable":true,"href":"https:\/\/cermepos.com\/fr\/wp-json\/wp\/v2\/media\/33411"}],"wp:attachment":[{"href":"https:\/\/cermepos.com\/fr\/wp-json\/wp\/v2\/media?parent=34591"}],"wp:term":[{"taxonomy":"product_brand","embeddable":true,"href":"https:\/\/cermepos.com\/fr\/wp-json\/wp\/v2\/product_brand?post=34591"},{"taxonomy":"product_cat","embeddable":true,"href":"https:\/\/cermepos.com\/fr\/wp-json\/wp\/v2\/product_cat?post=34591"},{"taxonomy":"product_tag","embeddable":true,"href":"https:\/\/cermepos.com\/fr\/wp-json\/wp\/v2\/product_tag?post=34591"}],"curies":[{"name":"wp","href":"https:\/\/api.w.org\/{rel}","templated":true}]}}